{"id":297,"date":"2026-03-17T21:05:30","date_gmt":"2026-03-17T21:05:30","guid":{"rendered":"https:\/\/cgarage.edgepeaks.com\/?post_type=product&#038;p=297"},"modified":"2026-04-01T19:09:10","modified_gmt":"2026-04-01T19:09:10","slug":"c-garage-classic-custom-fuel-cap-chrome","status":"publish","type":"product","link":"https:\/\/cgarage.edgepeaks.com\/it\/prodotto\/c-garage-classic-custom-fuel-cap-chrome\/","title":{"rendered":"<span class=\"title-part-1\">C-Garage Classic:<\/span> <span class=\"title-part-2\">Tappo carburante personalizzato cromato<\/span>"},"content":{"rendered":"<h4 class=\"text-foreground font-bold uppercase mb-4\" data-replit-metadata=\"client\/src\/pages\/product.tsx:244:14\" data-component-name=\"h4\">Compatibility Guide<\/h4>\n<p>Compatibile con i modelli Harley-Davidson dotati di tappo del serbatoio a vite (filettatura standard di grandi dimensioni), tra cui:<\/p>\n<p><strong>Modelli Touring (dal 1996 in poi, inclusa la Road King Special 2019):<\/strong><\/p>\n<ul style=\"list-style: none; padding-left: 0;\">\n<li style=\"margin-bottom: 10px;\"><span style=\"color: #e1a313;\">\u203a<\/span>\u00a0 \u00a0Road King \/ Road King Special<\/li>\n<li style=\"margin-bottom: 10px;\"><span style=\"color: #e1a313;\">\u203a<\/span>\u00a0 \u00a0Street Glide \/ Street Glide Special<\/li>\n<li style=\"margin-bottom: 10px;\"><span style=\"color: #e1a313;\">\u203a<\/span>\u00a0 \u00a0Road Glide \/ Road Glide Special<\/li>\n<li style=\"margin-bottom: 10px;\"><span style=\"color: #e1a313;\">\u203a<\/span>\u00a0 \u00a0Electra Glide Standard<\/li>\n<li style=\"margin-bottom: 10px;\"><span style=\"color: #e1a313;\">\u203a<\/span>\u00a0 \u00a0Ultra Limited<\/li>\n<li style=\"margin-bottom: 10px;\"><span style=\"color: #e1a313;\">\u203a<\/span>\u00a0 \u00a0CVO Touring<\/li>\n<\/ul>\n<p><strong>Softail (modelli dal 2000 in poi \u2013 con tappo a vite):<\/strong><\/p>\n<ul style=\"list-style: none; padding-left: 0;\">\n<li style=\"margin-bottom: 10px;\"><span style=\"color: #e1a313;\">\u203a<\/span>\u00a0 \u00a0Ragazzo grasso<\/li>\n<li style=\"margin-bottom: 10px;\"><span style=\"color: #e1a313;\">\u203a<\/span>\u00a0 \u00a0Classico del patrimonio<\/li>\n<li style=\"margin-bottom: 10px;\"><span style=\"color: #e1a313;\">\u203a<\/span>\u00a0 \u00a0Scoppiare<\/li>\n<li style=\"margin-bottom: 10px;\"><span style=\"color: #e1a313;\">\u203a<\/span>\u00a0 \u00a0Softail Slim<\/li>\n<li style=\"margin-bottom: 10px;\"><span style=\"color: #e1a313;\">\u203a<\/span>\u00a0 \u00a0Low Rider \/ Low Rider S<\/li>\n<li style=\"margin-bottom: 10px;\"><span style=\"color: #e1a313;\">\u203a<\/span>\u00a0 \u00a0Street Bob<\/li>\n<li style=\"margin-bottom: 10px;\"><span style=\"color: #e1a313;\">\u203a<\/span>\u00a0 \u00a0Deluxe<\/li>\n<li style=\"margin-bottom: 10px;\"><span style=\"color: #e1a313;\">\u203a<\/span>\u00a0 \u00a0FXDR 114<\/li>\n<\/ul>\n<p><strong>Sportster (modelli 1996\u20132020 con tappo a vite):<\/strong><\/p>\n<ul style=\"list-style: none; padding-left: 0;\">\n<li style=\"margin-bottom: 10px;\"><span style=\"color: #e1a313;\">\u203a\u00a0 \u00a0<\/span>Ferro 883<\/li>\n<li style=\"margin-bottom: 10px;\"><span style=\"color: #e1a313;\">\u203a<\/span>\u00a0 \u00a0Quarantotto<\/li>\n<li style=\"margin-bottom: 10px;\"><span style=\"color: #e1a313;\">\u203a<\/span>\u00a0 \u00a0Superbasso<\/li>\n<li style=\"margin-bottom: 10px;\"><span style=\"color: #e1a313;\">\u203a<\/span>\u00a0 \u00a0Roadster<\/li>\n<li style=\"margin-bottom: 20px;\"><span style=\"color: #e1a313;\">\u203a<\/span>\u00a0 \u00a0Nightster (fino al 2020)<\/li>\n<\/ul>\n<p>Controlla sempre la filettatura del tuo serbatoio: alcuni modelli Sportster precedenti al 1996 o serbatoi personalizzati potrebbero utilizzare un sistema diverso.<br \/>\nNon compatibile con Sportster S 2021+, tappi a baionetta o sistemi di alimentazione personalizzati.<\/p>","protected":false},"excerpt":{"rendered":"<p>Il tappo del serbatoio cromato per Harley-Davidson non \u00e8 un semplice tappo: \u00e8 un componente che unisce funzionalit\u00e0 intelligente e stile di alta qualit\u00e0, perfetto per i motociclisti che curano ogni dettaglio della propria moto.<\/p>\n<p>Realizzato in acciaio di alta qualit\u00e0 con finitura cromata, garantisce una lunga durata aggiungendo al contempo un tocco elegante e aggressivo al serbatoio della tua Harley.<\/p>\n<p>Il suo meccanismo a cricchetto impedisce un serraggio eccessivo e garantisce che il disegno sia sempre orientato nella direzione corretta. L'installazione \u00e8 facile e veloce.<\/p>\n<h4>Caratteristiche del tappo del serbatoio cromato personalizzato:<\/h4>\n<p>Compatibile con i modelli XL dal '92 in poi, Dyna\u00ae dal '92 al '17 (eccetto FXD e FXDX dal '04 in poi, FXDC dal '05 al '06 e FXDSE dal '07), Softail\u00ae dal '00 in poi (eccetto FXSTD e FXSTSSE), Road King\u00ae dal '94 in poi, FLHXS e FLTRXS dal '21 in poi, FLHXST e FLTRXST dal '22 in poi e Freewheeler\u00ae dal '15 in poi. Non compatibile con i modelli dotati di tappo del serbatoio con chiusura di serie o con cordino. L'utilizzo su FXSBSE '13-'14, FLHXSE e FLTRXSE '21-'22 richiede la rimozione dell'anello di finitura a filo di serie.<\/p>","protected":false},"featured_media":324,"template":"","meta":{"_acf_changed":false},"product_brand":[34],"product_cat":[36,35],"product_tag":[],"class_list":{"0":"post-297","1":"product","2":"type-product","3":"status-publish","4":"has-post-thumbnail","6":"product_brand-c-garage","7":"product_cat-chrome","8":"product_cat-fuel-caps","10":"first","11":"instock","12":"sale","13":"taxable","14":"shipping-taxable","15":"purchasable","16":"product-type-simple"},"acf":[],"_links":{"self":[{"href":"https:\/\/cgarage.edgepeaks.com\/it\/wp-json\/wp\/v2\/product\/297","targetHints":{"allow":["GET"]}}],"collection":[{"href":"https:\/\/cgarage.edgepeaks.com\/it\/wp-json\/wp\/v2\/product"}],"about":[{"href":"https:\/\/cgarage.edgepeaks.com\/it\/wp-json\/wp\/v2\/types\/product"}],"version-history":[{"count":2,"href":"https:\/\/cgarage.edgepeaks.com\/it\/wp-json\/wp\/v2\/product\/297\/revisions"}],"predecessor-version":[{"id":903,"href":"https:\/\/cgarage.edgepeaks.com\/it\/wp-json\/wp\/v2\/product\/297\/revisions\/903"}],"wp:featuredmedia":[{"embeddable":true,"href":"https:\/\/cgarage.edgepeaks.com\/it\/wp-json\/wp\/v2\/media\/324"}],"wp:attachment":[{"href":"https:\/\/cgarage.edgepeaks.com\/it\/wp-json\/wp\/v2\/media?parent=297"}],"wp:term":[{"taxonomy":"product_brand","embeddable":true,"href":"https:\/\/cgarage.edgepeaks.com\/it\/wp-json\/wp\/v2\/product_brand?post=297"},{"taxonomy":"product_cat","embeddable":true,"href":"https:\/\/cgarage.edgepeaks.com\/it\/wp-json\/wp\/v2\/product_cat?post=297"},{"taxonomy":"product_tag","embeddable":true,"href":"https:\/\/cgarage.edgepeaks.com\/it\/wp-json\/wp\/v2\/product_tag?post=297"}],"curies":[{"name":"wp","href":"https:\/\/api.w.org\/{rel}","templated":true}]}}